{"id":1531,"date":"2025-02-06T14:23:15","date_gmt":"2025-02-06T14:23:15","guid":{"rendered":"https:\/\/schoolgroups.studyinireland.ie\/?p=1531"},"modified":"2025-02-06T16:53:32","modified_gmt":"2025-02-06T16:53:32","slug":"premium-learning-facilities","status":"publish","type":"page","link":"https:\/\/schoolgroups.studyinireland.ie\/sv\/premium-learning-facilities\/","title":{"rendered":"F\u00f6rstklassiga utbildningsfaciliteter"},"content":{"rendered":"<div class=\"wpb-content-wrapper\"><div class=\"vc_row wpb_row vc_row-fluid\"><div class=\"wpb_column vc_column_container vc_col-sm-12\"><div class=\"vc_column-inner\"><div class=\"wpb_wrapper\"><h1 style=\"text-align: left\" class=\"vc_custom_heading vc_do_custom_heading\" >F\u00f6rstklassiga utbildningsfaciliteter<\/h1>\n\t<div class=\"wpb_text_column wpb_content_element\" >\n\t\t<div class=\"wpb_wrapper\">\n\t\t\t<h2>ISI Dublin har en rad moderna och v\u00e4lutrustade faciliteter som \u00e4r utformade f\u00f6r att f\u00f6rb\u00e4ttra studenternas inl\u00e4rningsupplevelse.<\/h2>\n<p>Klasserna h\u00e5lls vanligtvis p\u00e5 ett av v\u00e5ra prim\u00e4ra centra, som ligger bekv\u00e4mt bel\u00e4get i stadens centrum. Dessa anl\u00e4ggningar \u00e4r v\u00e4lutrustade f\u00f6r att hantera de flesta klasstorlekar och ger en gynnsam inl\u00e4rningsmilj\u00f6. Under mer hektiska perioder n\u00e4r efterfr\u00e5gan \u00f6verstiger kapaciteten i v\u00e5ra prim\u00e4ra centra kan vi dock anv\u00e4nda oss av n\u00e4rliggande overflow-center f\u00f6r att kunna ta emot alla deltagare p\u00e5 ett bekv\u00e4mt s\u00e4tt. Dessa \u00f6verfl\u00f6diga centra ligger i n\u00e4rheten av huvudplatserna och \u00e4r ocks\u00e5 fullt utrustade f\u00f6r att s\u00e4kerst\u00e4lla samma h\u00f6ga standard f\u00f6r instruktion. Du kommer att informeras om din klass \u00e4r schemalagd p\u00e5 ett \u00f6verfl\u00f6digt center vid bokningstillf\u00e4llet, s\u00e5 att du kan planera ditt bes\u00f6k d\u00e4refter.<\/p>\n<h2>F\u00f6rstklassiga faciliteter f\u00f6r optimal inl\u00e4rning: Huvud- och \u00f6verfl\u00f6descenter<\/h2>\n<p>Meetinghouse Lane Centre ligger i stadens centrum och \u00e4r inrymt i ett unikt stenmagasin fr\u00e5n 1700-talet som 2001 byggdes om till skola. Interi\u00f6ren \u00e4r en elegant kombination av ursprungliga stenv\u00e4ggar och tr\u00e4golv med en elegant, modern design. V\u00e4ggarna pryds av inspirerande konstverk och v\u00e4ggm\u00e5lningar skapade av lokala konstn\u00e4rer, vilket skapar en livlig och motiverande atmosf\u00e4r. Centret har 18 klassrum, vilket ger gott om utrymme f\u00f6r en m\u00e4ngd olika utbildningsaktiviteter.<\/p>\n<p>Parnell Square Centre ligger bara fem minuters promenad fr\u00e5n Meetinghouse Lane och \u00e4r inrymt i en vacker georgiansk byggnad i r\u00f6tt tegel. H\u00e4r finns stora, utsmyckade tidstypiska rum som \u00e4r inredda med moderna m\u00f6bler och konstverk, vilket skapar en inspirerande och dynamisk inl\u00e4rningsmilj\u00f6. Byggnaden har ocks\u00e5 ett fantastiskt kaf\u00e9 med utsikt \u00f6ver Parnell Square, som erbjuder en avkopplande plats f\u00f6r studenter och personal. Parnell Square Centre har 8 klassrum, med ytterligare intilliggande \u00f6verfl\u00f6diga klassrum tillg\u00e4ngliga under h\u00f6gs\u00e4song.<\/p>\n\n\t\t<\/div>\n\t<\/div>\n<\/div><\/div><\/div><\/div>\n<\/div>","protected":false},"excerpt":{"rendered":"Premium Learning Facilities ISI Dublin boasts a range of modern and well-equipped facilities designed to enhance the learning experience for students. Classes are typically held at one of our primary ...","protected":false},"author":1,"featured_media":1416,"parent":0,"menu_order":0,"comment_status":"closed","ping_status":"closed","template":"","meta":{"_seopress_robots_primary_cat":"","_seopress_titles_title":"","_seopress_titles_desc":"","_seopress_robots_index":"","footnotes":""},"class_list":["post-1531","page","type-page","status-publish","has-post-thumbnail","hentry"],"_links":{"self":[{"href":"https:\/\/schoolgroups.studyinireland.ie\/sv\/wp-json\/wp\/v2\/pages\/1531","targetHints":{"allow":["GET"]}}],"collection":[{"href":"https:\/\/schoolgroups.studyinireland.ie\/sv\/wp-json\/wp\/v2\/pages"}],"about":[{"href":"https:\/\/schoolgroups.studyinireland.ie\/sv\/wp-json\/wp\/v2\/types\/page"}],"author":[{"embeddable":true,"href":"https:\/\/schoolgroups.studyinireland.ie\/sv\/wp-json\/wp\/v2\/users\/1"}],"replies":[{"embeddable":true,"href":"https:\/\/schoolgroups.studyinireland.ie\/sv\/wp-json\/wp\/v2\/comments?post=1531"}],"version-history":[{"count":3,"href":"https:\/\/schoolgroups.studyinireland.ie\/sv\/wp-json\/wp\/v2\/pages\/1531\/revisions"}],"predecessor-version":[{"id":1641,"href":"https:\/\/schoolgroups.studyinireland.ie\/sv\/wp-json\/wp\/v2\/pages\/1531\/revisions\/1641"}],"wp:featuredmedia":[{"embeddable":true,"href":"https:\/\/schoolgroups.studyinireland.ie\/sv\/wp-json\/wp\/v2\/media\/1416"}],"wp:attachment":[{"href":"https:\/\/schoolgroups.studyinireland.ie\/sv\/wp-json\/wp\/v2\/media?parent=1531"}],"curies":[{"name":"wp","href":"https:\/\/api.w.org\/{rel}","templated":true}]}}