{"id":1504,"date":"2025-02-06T13:57:54","date_gmt":"2025-02-06T13:57:54","guid":{"rendered":"https:\/\/schoolgroups.studyinireland.ie\/?page_id=1504"},"modified":"2025-02-06T14:06:56","modified_gmt":"2025-02-06T14:06:56","slug":"meet-greet-service","status":"publish","type":"page","link":"https:\/\/schoolgroups.studyinireland.ie\/lv\/meet-greet-service\/","title":{"rendered":"Satik\u0161an\u0101s un sagaid\u012b\u0161anas pakalpojums"},"content":{"rendered":"<div class=\"wpb-content-wrapper\"><div class=\"vc_row wpb_row vc_row-fluid\"><div class=\"wpb_column vc_column_container vc_col-sm-12\"><div class=\"vc_column-inner\"><div class=\"wpb_wrapper\"><h1 style=\"text-align: left\" class=\"vc_custom_heading vc_do_custom_heading\" >Satik\u0161an\u0101s un sagaid\u012b\u0161anas pakalpojums<\/h1>\n\t<div class=\"wpb_text_column wpb_content_element\" >\n\t\t<div class=\"wpb_wrapper\">\n\t\t\t<h2 style=\"text-align: justify;\">Iek\u013cauts sagaid\u012b\u0161anas lidost\u0101 pakalpojums un dro\u0161s transf\u0113rs uz vies\u0123imen\u0113m.<\/h2>\n<p style=\"text-align: justify;\">M\u016bsu sagaid\u012b\u0161anas un sagaid\u012b\u0161anas lidost\u0101 pakalpojums ir m\u016bsu pakalpojumu paketes galven\u0101 sast\u0101vda\u013ca, kas ir izstr\u0101d\u0101ta, lai nodro\u0161in\u0101tu, ka grupas tiek dro\u0161i un efekt\u012bvi nog\u0101d\u0101tas vies\u0123imen\u0113s, vienlaikus sa\u0146emot visu nepiecie\u0161amo inform\u0101ciju par savu uztur\u0113\u0161anos p\u0113c iera\u0161an\u0101s.<\/p>\n<p style=\"text-align: justify;\">Jau no br\u012b\u017ea, kad j\u016bsu grupa izk\u0101pj no ku\u0123a, m\u0113s esam ap\u0146\u0113mu\u0161ies nodro\u0161in\u0101t izcilu apr\u016bpi un atbalstu. M\u0113s saprotam, ka ce\u013co\u0161ana var b\u016bt sare\u017e\u0123\u012bta pieredze, t\u0101p\u0113c m\u0113s r\u016bp\u0113jamies par katru s\u012bkumu, lai p\u0101reja b\u016btu p\u0113c iesp\u0113jas rait\u0101ka. M\u016bsu \u012bpa\u0161\u0101 komanda ir gatavi pal\u012bdz\u0113t katr\u0101 ce\u013cojuma posm\u0101, s\u0101kot no lidostas l\u012bdz vies\u0123imen\u0113m un vis\u0101 uztur\u0113\u0161an\u0101s laik\u0101 l\u012bdz pat izce\u013co\u0161anai.<\/p>\n<p style=\"text-align: justify;\">P\u0113c iera\u0161an\u0101s lidost\u0101 grupu sagaid\u012bs ISI p\u0101rst\u0101vis. Atkar\u012bb\u0101 no grupas lieluma un \u012bpa\u0161aj\u0101m vajadz\u012bb\u0101m m\u016bsu p\u0101rst\u0101vis nodro\u0161in\u0101s netrauc\u0113tu transf\u0113ru ar priv\u0101to autobusu, mikroautobusu vai taksometru. Turkl\u0101t vi\u0146i izdal\u012bs ce\u013co\u0161anas kartes (ja t\u0101s ir rezerv\u0113tas) un sniegs izsme\u013co\u0161u inform\u0101ciju par viet\u0113jo teritoriju, naktsm\u012btn\u0113m un jebkuru b\u016btisku inform\u0101ciju, lai nodro\u0161in\u0101tu \u0113rtu un inform\u0113tu ce\u013cojumu.<\/p>\n<p style=\"text-align: justify;\">M\u0113s lepojamies ar savu uzman\u012bgo apkalpo\u0161anu, nodro\u0161inot, ka ikviens j\u016bsu grupas iera\u0161an\u0101s un uztur\u0113\u0161an\u0101s aspekts tiek veikts ar visliel\u0101ko r\u016bp\u012bbu un profesionalit\u0101ti.<\/p>\n\n\t\t<\/div>\n\t<\/div>\n<\/div><\/div><\/div><\/div>\n<\/div>","protected":false},"excerpt":{"rendered":"Meet &#038; Greet Service Airport Meet and Greet Service and Safe Transfer to Host Families Included. Our airport meet-and-greet service is a key component of our package, designed to ensure ...","protected":false},"author":1,"featured_media":1508,"parent":0,"menu_order":0,"comment_status":"closed","ping_status":"closed","template":"","meta":{"_seopress_robots_primary_cat":"","_seopress_titles_title":"","_seopress_titles_desc":"","_seopress_robots_index":"","footnotes":""},"class_list":["post-1504","page","type-page","status-publish","has-post-thumbnail","hentry"],"_links":{"self":[{"href":"https:\/\/schoolgroups.studyinireland.ie\/lv\/wp-json\/wp\/v2\/pages\/1504","targetHints":{"allow":["GET"]}}],"collection":[{"href":"https:\/\/schoolgroups.studyinireland.ie\/lv\/wp-json\/wp\/v2\/pages"}],"about":[{"href":"https:\/\/schoolgroups.studyinireland.ie\/lv\/wp-json\/wp\/v2\/types\/page"}],"author":[{"embeddable":true,"href":"https:\/\/schoolgroups.studyinireland.ie\/lv\/wp-json\/wp\/v2\/users\/1"}],"replies":[{"embeddable":true,"href":"https:\/\/schoolgroups.studyinireland.ie\/lv\/wp-json\/wp\/v2\/comments?post=1504"}],"version-history":[{"count":3,"href":"https:\/\/schoolgroups.studyinireland.ie\/lv\/wp-json\/wp\/v2\/pages\/1504\/revisions"}],"predecessor-version":[{"id":1522,"href":"https:\/\/schoolgroups.studyinireland.ie\/lv\/wp-json\/wp\/v2\/pages\/1504\/revisions\/1522"}],"wp:featuredmedia":[{"embeddable":true,"href":"https:\/\/schoolgroups.studyinireland.ie\/lv\/wp-json\/wp\/v2\/media\/1508"}],"wp:attachment":[{"href":"https:\/\/schoolgroups.studyinireland.ie\/lv\/wp-json\/wp\/v2\/media?parent=1504"}],"curies":[{"name":"wp","href":"https:\/\/api.w.org\/{rel}","templated":true}]}}