{"id":1608,"date":"2025-02-06T16:41:20","date_gmt":"2025-02-06T16:41:20","guid":{"rendered":"https:\/\/schoolgroups.studyinireland.ie\/?page_id=1608"},"modified":"2025-02-06T16:46:27","modified_gmt":"2025-02-06T16:46:27","slug":"course-outline","status":"publish","type":"page","link":"https:\/\/schoolgroups.studyinireland.ie\/it\/course-outline\/","title":{"rendered":"Schema del corso"},"content":{"rendered":"<div class=\"wpb-content-wrapper\"><div class=\"vc_row wpb_row vc_row-fluid\"><div class=\"wpb_column vc_column_container vc_col-sm-6\"><div class=\"vc_column-inner\"><div class=\"wpb_wrapper\"><h1 style=\"text-align: left\" class=\"vc_custom_heading vc_do_custom_heading\" >Schema del corso<\/h1><\/div><\/div><\/div><div class=\"wpb_column vc_column_container vc_col-sm-6\"><div class=\"vc_column-inner\"><div class=\"wpb_wrapper\"><div class=\"vc_btn3-container vc_btn3-right vc_do_btn\" ><a class=\"vc_general vc_btn3 vc_btn3-size-md vc_btn3-shape-square vc_btn3-style-modern vc_btn3-color-turquoise\" href=\"https:\/\/isiireland.sharepoint.com\/:b:\/s\/sp\/Eb1dP9wgzlFKsGo9JQV1YqQBbDRo4XU69Gy4R73KONycug?e=mb2NK8\" title=\"\">Scarica la versione PDF<\/a><\/div><\/div><\/div><\/div><\/div><div class=\"vc_row wpb_row vc_row-fluid\"><div class=\"wpb_column vc_column_container vc_col-sm-12\"><div class=\"vc_column-inner\"><div class=\"wpb_wrapper\">\n\t<div class=\"wpb_text_column wpb_content_element\" >\n\t\t<div class=\"wpb_wrapper\">\n\t\t\t<h2 style=\"text-align: justify;\">Descrizione del corso: I nostri programmi di mini-soggiorno sono basati su progetti.<\/h2>\n<p style=\"text-align: justify;\">Ci\u00f2 significa che gli studenti sono impegnati in progetti settimanali che prevedono la ricerca su un argomento, la raccolta di informazioni, la creazione di una mostra e la presentazione finale del venerd\u00ec.<\/p>\n<p style=\"text-align: justify;\">Gli studenti fanno ricerche online, si recano in biblioteche, musei o esplorano la citt\u00e0 indagando sul loro argomento, creano un sondaggio e pongono domande alla gente per le strade di Dublino e compilano le informazioni che porteranno alla presentazione finale alla fine della settimana.<\/p>\n<p style=\"text-align: justify;\">Gli studenti sono supportati dagli insegnanti nelle loro creazioni e questo \u00e8 il momento in cui avviene l'aggiornamento del linguaggio. Gli studenti imparano nuovi vocaboli e grammatiche che supportano la loro ricerca. Le presentazioni sono una grande opportunit\u00e0 per gli studenti di scoprire quanto sono capaci di produrre la lingua inglese e questo d\u00e0 loro un rinnovato senso di fiducia. \u00c8 un'esperienza molto gratificante perch\u00e9 gli studenti usano la lingua in modo divertente e significativo.<\/p>\n<ul style=\"text-align: justify;\">\n<li style=\"text-align: justify;\">Livelli: Da A1 a C1<\/li>\n<li style=\"text-align: justify;\">Orario delle lezioni: dalle 9.15 alle 12.30 o dalle 13.45 alle 17.00.<\/li>\n<li style=\"text-align: justify;\">Ore settimanali: 15<\/li>\n<li style=\"text-align: justify;\">Durata: Da 1 a 4 settimane<\/li>\n<\/ul>\n<h3 style=\"text-align: justify;\">Punti chiave<\/h3>\n<ul>\n<li style=\"text-align: justify;\">Luoghi: Edifici di Meetinghouse Lane o Parnell Square West, nel centro della citt\u00e0.<\/li>\n<li style=\"text-align: justify;\">20 lezioni di inglese basate su progetti<\/li>\n<li style=\"text-align: justify;\">L'attenzione si concentra sulla messa in pratica dell'inglese e sul rafforzamento della fiducia nel parlato.<br \/>\nVivere con una famiglia ospitante irlandese<\/li>\n<li style=\"text-align: justify;\">15 ore settimanali di eventi sociali, culturali e sportivi (ad esempio, musei, visite guidate, danza, calcio, basket, ecc.)<\/li>\n<\/ul>\n\n\t\t<\/div>\n\t<\/div>\n<\/div><\/div><\/div><\/div>\n<\/div>","protected":false},"excerpt":{"rendered":"Course OutlineDownload a PDF version Course description: Our mini-stay programmes are project-based. This means that students are engaged in weekly projects that involve\u00a0 research about a topic, compilation of information, ...","protected":false},"author":1,"featured_media":0,"parent":0,"menu_order":0,"comment_status":"closed","ping_status":"closed","template":"","meta":{"_seopress_robots_primary_cat":"","_seopress_titles_title":"","_seopress_titles_desc":"","_seopress_robots_index":"","footnotes":""},"class_list":["post-1608","page","type-page","status-publish","hentry"],"_links":{"self":[{"href":"https:\/\/schoolgroups.studyinireland.ie\/it\/wp-json\/wp\/v2\/pages\/1608","targetHints":{"allow":["GET"]}}],"collection":[{"href":"https:\/\/schoolgroups.studyinireland.ie\/it\/wp-json\/wp\/v2\/pages"}],"about":[{"href":"https:\/\/schoolgroups.studyinireland.ie\/it\/wp-json\/wp\/v2\/types\/page"}],"author":[{"embeddable":true,"href":"https:\/\/schoolgroups.studyinireland.ie\/it\/wp-json\/wp\/v2\/users\/1"}],"replies":[{"embeddable":true,"href":"https:\/\/schoolgroups.studyinireland.ie\/it\/wp-json\/wp\/v2\/comments?post=1608"}],"version-history":[{"count":8,"href":"https:\/\/schoolgroups.studyinireland.ie\/it\/wp-json\/wp\/v2\/pages\/1608\/revisions"}],"predecessor-version":[{"id":1623,"href":"https:\/\/schoolgroups.studyinireland.ie\/it\/wp-json\/wp\/v2\/pages\/1608\/revisions\/1623"}],"wp:attachment":[{"href":"https:\/\/schoolgroups.studyinireland.ie\/it\/wp-json\/wp\/v2\/media?parent=1608"}],"curies":[{"name":"wp","href":"https:\/\/api.w.org\/{rel}","templated":true}]}}