{"id":1514,"date":"2025-02-06T14:05:42","date_gmt":"2025-02-06T14:05:42","guid":{"rendered":"https:\/\/schoolgroups.studyinireland.ie\/?page_id=1514"},"modified":"2025-02-06T14:09:20","modified_gmt":"2025-02-06T14:09:20","slug":"social-programme","status":"publish","type":"page","link":"https:\/\/schoolgroups.studyinireland.ie\/it\/social-programme\/","title":{"rendered":"Programma sociale"},"content":{"rendered":"<div class=\"wpb-content-wrapper\"><div class=\"vc_row wpb_row vc_row-fluid\"><div class=\"wpb_column vc_column_container vc_col-sm-12\"><div class=\"vc_column-inner\"><div class=\"wpb_wrapper\"><h1 style=\"text-align: left\" class=\"vc_custom_heading vc_do_custom_heading\" >Programma sociale<\/h1>\n\t<div class=\"wpb_text_column wpb_content_element\" >\n\t\t<div class=\"wpb_wrapper\">\n\t\t\t<h2>Una vasta gamma di attivit\u00e0 ed eventi per un'esperienza coinvolgente e vibrante.<\/h2>\n<blockquote><p>\nAttraverso il nostro programma sociale incoraggiamo gli studenti a mettere in pratica i temi trattati in classe. In questo modo si mettono in pratica gli aspetti di lettura, conversazione, scrittura e ascolto del programma. Gli studenti dei nostri Mini-Stay hanno ampie opportunit\u00e0 di fare amicizia e di scoprire Dublino partecipando ogni giorno a una serie di attivit\u00e0 sociali e culturali, oltre che a gite facoltative nel fine settimana in splendide localit\u00e0.\n<\/p><\/blockquote>\n<h3><b>Scoprire Dublino<\/b><\/h3>\n<p>Includiamo un programma sociale di base gratuito con un'attivit\u00e0 di 2 ore ogni pomeriggio feriale e un tour a piedi nel fine settimana. I gruppi sono accompagnati da simpatici ed entusiasti animatori dell'ISI di Dublino durante tutti i tour pomeridiani.<\/p>\n<p>Le visite gratuite comprendono:<\/p>\n<ul>\n<li>Tour a piedi di Dublino<\/li>\n<li>Museo Nazionale<\/li>\n<li>Galleria Nazionale<\/li>\n<li>Giardini botanici<\/li>\n<li>Caccia al tesoro<\/li>\n<li>Villaggio di Howth<\/li>\n<\/ul>\n<p>Queste attivit\u00e0 sono pensate non solo per migliorare la vostra esperienza a Dublino, ma anche per favorire i legami con gli altri studenti internazionali. Se avete interessi o preferenze specifiche, \u00e8 bene che vi informiate direttamente con noi per vedere come possiamo adattare il vostro programma sociale alle vostre esigenze.<\/p>\n\n\t\t<\/div>\n\t<\/div>\n<\/div><\/div><\/div><\/div>\n<\/div>","protected":false},"excerpt":{"rendered":"Social Programme A Diverse Range of Activities and Events for an Immersive and Vibrant Experience. Through our Social Programme we encourage students to put into practice the lesson themes that ...","protected":false},"author":1,"featured_media":1524,"parent":0,"menu_order":0,"comment_status":"closed","ping_status":"closed","template":"","meta":{"_seopress_robots_primary_cat":"","_seopress_titles_title":"","_seopress_titles_desc":"","_seopress_robots_index":"","footnotes":""},"class_list":["post-1514","page","type-page","status-publish","has-post-thumbnail","hentry"],"_links":{"self":[{"href":"https:\/\/schoolgroups.studyinireland.ie\/it\/wp-json\/wp\/v2\/pages\/1514","targetHints":{"allow":["GET"]}}],"collection":[{"href":"https:\/\/schoolgroups.studyinireland.ie\/it\/wp-json\/wp\/v2\/pages"}],"about":[{"href":"https:\/\/schoolgroups.studyinireland.ie\/it\/wp-json\/wp\/v2\/types\/page"}],"author":[{"embeddable":true,"href":"https:\/\/schoolgroups.studyinireland.ie\/it\/wp-json\/wp\/v2\/users\/1"}],"replies":[{"embeddable":true,"href":"https:\/\/schoolgroups.studyinireland.ie\/it\/wp-json\/wp\/v2\/comments?post=1514"}],"version-history":[{"count":2,"href":"https:\/\/schoolgroups.studyinireland.ie\/it\/wp-json\/wp\/v2\/pages\/1514\/revisions"}],"predecessor-version":[{"id":1520,"href":"https:\/\/schoolgroups.studyinireland.ie\/it\/wp-json\/wp\/v2\/pages\/1514\/revisions\/1520"}],"wp:featuredmedia":[{"embeddable":true,"href":"https:\/\/schoolgroups.studyinireland.ie\/it\/wp-json\/wp\/v2\/media\/1524"}],"wp:attachment":[{"href":"https:\/\/schoolgroups.studyinireland.ie\/it\/wp-json\/wp\/v2\/media?parent=1514"}],"curies":[{"name":"wp","href":"https:\/\/api.w.org\/{rel}","templated":true}]}}