{"id":1613,"date":"2025-02-06T16:42:11","date_gmt":"2025-02-06T16:42:11","guid":{"rendered":"https:\/\/schoolgroups.studyinireland.ie\/?page_id=1613"},"modified":"2025-02-06T16:48:40","modified_gmt":"2025-02-06T16:48:40","slug":"sample-programme","status":"publish","type":"page","link":"https:\/\/schoolgroups.studyinireland.ie\/fr\/sample-programme\/","title":{"rendered":"Exemple de programme"},"content":{"rendered":"<div class=\"wpb-content-wrapper\"><div class=\"vc_row wpb_row vc_row-fluid\"><div class=\"wpb_column vc_column_container vc_col-sm-6\"><div class=\"vc_column-inner\"><div class=\"wpb_wrapper\"><h1 style=\"text-align: left\" class=\"vc_custom_heading vc_do_custom_heading\" >Exemple de programme<\/h1><\/div><\/div><\/div><div class=\"wpb_column vc_column_container vc_col-sm-6\"><div class=\"vc_column-inner\"><div class=\"wpb_wrapper\"><div class=\"vc_btn3-container vc_btn3-right vc_do_btn\" ><a class=\"vc_general vc_btn3 vc_btn3-size-md vc_btn3-shape-rounded vc_btn3-style-modern vc_btn3-color-turquoise\" href=\"https:\/\/isiireland.sharepoint.com\/:b:\/s\/sp\/EWaz2aNPTcpEuhoiVCUPDsEBJDnoz20hjawwjfKTI5CTAQ?e=BXFcP8\" title=\"\">T\u00e9l\u00e9charger une version PDF<\/a><\/div><\/div><\/div><\/div><\/div><div class=\"vc_row wpb_row vc_row-fluid\"><div class=\"wpb_column vc_column_container vc_col-sm-12\"><div class=\"vc_column-inner\"><div class=\"wpb_wrapper\">\n\t<div class=\"wpb_text_column wpb_content_element\" >\n\t\t<div class=\"wpb_wrapper\">\n\t\t\t<h3 style=\"text-align: justify;\">Cours du matin<\/h3>\n<table border=\"0\" width=\"100%\" cellspacing=\"0\" cellpadding=\"0\">\n<tbody>\n<tr>\n<th style=\"color: #ffffff; text-align: center;\" scope=\"col\" align=\"center\" valign=\"middle\" bgcolor=\"#1B90A0\" width=\"33%\">Jour<\/th>\n<th style=\"color: #ffffff; text-align: center;\" scope=\"col\" align=\"center\" valign=\"middle\" bgcolor=\"#1B90A0\" width=\"33%\">09.00 &#8211; 12.15<\/th>\n<th style=\"color: #ffffff; text-align: center;\" scope=\"col\" align=\"center\" valign=\"middle\" bgcolor=\"#1B90A0\" width=\"33%\">14.00 &#8211; 16.00<\/th>\n<\/tr>\n<tr>\n<th style=\"color: #ffffff; text-align: center;\" scope=\"row\" align=\"center\" valign=\"middle\" bgcolor=\"#1B90A0\" width=\"33%\">Lundi<\/th>\n<td align=\"center\" valign=\"middle\" width=\"33%\">Classes<\/td>\n<td align=\"center\" valign=\"middle\" width=\"33%\">Visite \u00e0 pied de Dublin<\/td>\n<\/tr>\n<tr>\n<th style=\"color: #ffffff; text-align: center;\" scope=\"row\" align=\"center\" valign=\"middle\" bgcolor=\"#1B90A0\" width=\"33%\">Mardi<\/th>\n<td align=\"center\" valign=\"middle\" width=\"33%\">Classes<\/td>\n<td align=\"center\" valign=\"middle\" width=\"33%\">Mus\u00e9e national<\/td>\n<\/tr>\n<tr>\n<th style=\"color: #ffffff; text-align: center;\" scope=\"row\" align=\"center\" valign=\"middle\" bgcolor=\"#1B90A0\" width=\"33%\">Mercredi<\/th>\n<td align=\"center\" valign=\"middle\" width=\"33%\">Classes<\/td>\n<td align=\"center\" valign=\"middle\" width=\"33%\">Jardins botaniques<\/td>\n<\/tr>\n<tr>\n<th style=\"color: #ffffff; text-align: center;\" scope=\"row\" align=\"center\" valign=\"middle\" bgcolor=\"#1B90A0\" width=\"33%\">Jeudi<\/th>\n<td align=\"center\" valign=\"middle\" width=\"33%\">Classes<\/td>\n<td align=\"center\" valign=\"middle\" width=\"33%\">Galerie nationale<\/td>\n<\/tr>\n<tr>\n<th style=\"color: #ffffff; text-align: center;\" scope=\"row\" align=\"center\" valign=\"middle\" bgcolor=\"#1B90A0\" width=\"33%\">Vendredi<\/th>\n<td align=\"center\" valign=\"middle\" width=\"33%\">Classes<\/td>\n<td align=\"center\" valign=\"middle\" width=\"33%\">Chasse au tr\u00e9sor<\/td>\n<\/tr>\n<tr>\n<th style=\"color: #ffffff; text-align: center;\" scope=\"row\" align=\"center\" valign=\"middle\" bgcolor=\"#1B90A0\" width=\"33%\">Samedi<\/th>\n<td colspan=\"2\" align=\"center\" valign=\"middle\">De Dart \u00e0 Howth avec une promenade en bord de mer<\/td>\n<\/tr>\n<tr>\n<th style=\"color: #ffffff; text-align: center;\" scope=\"row\" align=\"center\" valign=\"middle\" bgcolor=\"#1B90A0\" width=\"33%\">Dimanche<\/th>\n<td colspan=\"2\" align=\"center\" valign=\"middle\">Transfert \u00e0 l'a\u00e9roport<\/td>\n<\/tr>\n<\/tbody>\n<\/table>\n<h3 style=\"text-align: justify;\">Cours de l'apr\u00e8s-midi<\/h3>\n<table border=\"0\" width=\"100%\" cellspacing=\"0\" cellpadding=\"0\">\n<tbody>\n<tr>\n<th style=\"color: #ffffff; text-align: center;\" scope=\"col\" align=\"center\" valign=\"middle\" bgcolor=\"#1B90A0\" width=\"33%\">Jour<\/th>\n<th style=\"color: #ffffff; text-align: center;\" scope=\"col\" align=\"center\" valign=\"middle\" bgcolor=\"#1B90A0\" width=\"33%\">10.00 &#8211; 12.00<\/th>\n<th style=\"color: #ffffff; text-align: center;\" scope=\"col\" align=\"center\" valign=\"middle\" bgcolor=\"#1B90A0\" width=\"33%\">13.30 &#8211; 16.40<\/th>\n<\/tr>\n<tr>\n<th style=\"color: #ffffff; text-align: center;\" scope=\"row\" align=\"center\" valign=\"middle\" bgcolor=\"#1B90A0\" width=\"33%\">Lundi<\/th>\n<td align=\"center\" valign=\"middle\" width=\"33%\">Visite \u00e0 pied de Dublin<\/td>\n<td align=\"center\" valign=\"middle\" width=\"33%\">Classes<\/td>\n<\/tr>\n<tr>\n<th style=\"color: #ffffff; text-align: center;\" scope=\"row\" align=\"center\" valign=\"middle\" bgcolor=\"#1B90A0\" width=\"33%\">Mardi<\/th>\n<td align=\"center\" valign=\"middle\" width=\"33%\">Mus\u00e9e national<\/td>\n<td align=\"center\" valign=\"middle\" width=\"33%\">Classes<\/td>\n<\/tr>\n<tr>\n<th style=\"color: #ffffff; text-align: center;\" scope=\"row\" align=\"center\" valign=\"middle\" bgcolor=\"#1B90A0\" width=\"33%\">Mercredi<\/th>\n<td align=\"center\" valign=\"middle\" width=\"33%\">Jardins botaniques<\/td>\n<td align=\"center\" valign=\"middle\" width=\"33%\">Classes<\/td>\n<\/tr>\n<tr>\n<th style=\"color: #ffffff; text-align: center;\" scope=\"row\" align=\"center\" valign=\"middle\" bgcolor=\"#1B90A0\" width=\"33%\">Jeudi<\/th>\n<td align=\"center\" valign=\"middle\" width=\"33%\">Galerie nationale<\/td>\n<td align=\"center\" valign=\"middle\" width=\"33%\">Classes<\/td>\n<\/tr>\n<tr>\n<th style=\"color: #ffffff; text-align: center;\" scope=\"row\" align=\"center\" valign=\"middle\" bgcolor=\"#1B90A0\" width=\"33%\">Vendredi<\/th>\n<td align=\"center\" valign=\"middle\" width=\"33%\">Chasse au tr\u00e9sor<\/td>\n<td align=\"center\" valign=\"middle\" width=\"33%\">Classes<\/td>\n<\/tr>\n<tr>\n<th style=\"color: #ffffff; text-align: center;\" scope=\"row\" align=\"center\" valign=\"middle\" bgcolor=\"#1B90A0\" width=\"33%\">Samedi<\/th>\n<td colspan=\"2\" align=\"center\" valign=\"middle\">De Dart \u00e0 Howth avec une promenade en bord de mer<\/td>\n<\/tr>\n<tr>\n<th style=\"color: #ffffff; text-align: center;\" scope=\"row\" align=\"center\" valign=\"middle\" bgcolor=\"#1B90A0\" width=\"33%\">Dimanche<\/th>\n<td colspan=\"2\" align=\"center\" valign=\"middle\">Transfert \u00e0 l'a\u00e9roport<\/td>\n<\/tr>\n<\/tbody>\n<\/table>\n<h3 style=\"text-align: justify;\">Programmes th\u00e9matiques sp\u00e9ciaux<\/h3>\n<table border=\"0\" width=\"100%\" cellspacing=\"0\" cellpadding=\"0\">\n<tbody>\n<tr>\n<th style=\"color: #ffffff; text-align: center;\" scope=\"col\" align=\"center\" valign=\"middle\" bgcolor=\"#1B90A0\" width=\"33%\">Aucun co\u00fbt suppl\u00e9mentaire<\/th>\n<\/tr>\n<tr>\n<td align=\"center\" valign=\"middle\" width=\"33%\">Histoire et litt\u00e9rature Yeats - Wilde - Joyce<\/td>\n<\/tr>\n<tr>\n<td align=\"center\" valign=\"middle\" width=\"33%\">L'anglais sur le lieu de travail - Programme PCTO<\/td>\n<\/tr>\n<tr>\n<td align=\"center\" valign=\"middle\" width=\"33%\">Aventures et sports<\/td>\n<\/tr>\n<tr>\n<td align=\"center\" valign=\"middle\" width=\"33%\">Le succ\u00e8s de Maturit\u00e1<\/td>\n<\/tr>\n<tr>\n<td align=\"center\" valign=\"middle\" width=\"33%\">Technologie moderne et m\u00e9dias sociaux<\/td>\n<\/tr>\n<tr>\n<td align=\"center\" valign=\"middle\">Durabilit\u00e9 et changement climatique<\/td>\n<\/tr>\n<\/tbody>\n<\/table>\n<p style=\"text-align: justify;\">Exemple de programme - les activit\u00e9s peuvent varier en fonction des disponibilit\u00e9s. Les \u00e9l\u00e8ves peuvent choisir de faire plus de sport ou plus d'activit\u00e9s culturelles, en fonction de leurs int\u00e9r\u00eats.<\/p>\n\n\t\t<\/div>\n\t<\/div>\n<\/div><\/div><\/div><\/div>\n<\/div>","protected":false},"excerpt":{"rendered":"Exemple de programmeT\u00e9l\u00e9charger une version PDF Cours du matin Jour 09.00 - 12.15 14.00 - 16.00 Lundi Cours Visite \u00e0 pied de Dublin Mardi Cours Mus\u00e9e national Mercredi Cours Jardins botaniques Jeudi Cours ...","protected":false},"author":1,"featured_media":0,"parent":0,"menu_order":0,"comment_status":"closed","ping_status":"closed","template":"","meta":{"_seopress_robots_primary_cat":"","_seopress_titles_title":"","_seopress_titles_desc":"","_seopress_robots_index":"","footnotes":""},"class_list":["post-1613","page","type-page","status-publish","hentry"],"_links":{"self":[{"href":"https:\/\/schoolgroups.studyinireland.ie\/fr\/wp-json\/wp\/v2\/pages\/1613","targetHints":{"allow":["GET"]}}],"collection":[{"href":"https:\/\/schoolgroups.studyinireland.ie\/fr\/wp-json\/wp\/v2\/pages"}],"about":[{"href":"https:\/\/schoolgroups.studyinireland.ie\/fr\/wp-json\/wp\/v2\/types\/page"}],"author":[{"embeddable":true,"href":"https:\/\/schoolgroups.studyinireland.ie\/fr\/wp-json\/wp\/v2\/users\/1"}],"replies":[{"embeddable":true,"href":"https:\/\/schoolgroups.studyinireland.ie\/fr\/wp-json\/wp\/v2\/comments?post=1613"}],"version-history":[{"count":4,"href":"https:\/\/schoolgroups.studyinireland.ie\/fr\/wp-json\/wp\/v2\/pages\/1613\/revisions"}],"predecessor-version":[{"id":1626,"href":"https:\/\/schoolgroups.studyinireland.ie\/fr\/wp-json\/wp\/v2\/pages\/1613\/revisions\/1626"}],"wp:attachment":[{"href":"https:\/\/schoolgroups.studyinireland.ie\/fr\/wp-json\/wp\/v2\/media?parent=1613"}],"curies":[{"name":"wp","href":"https:\/\/api.w.org\/{rel}","templated":true}]}}