{"id":1514,"date":"2025-02-06T14:05:42","date_gmt":"2025-02-06T14:05:42","guid":{"rendered":"https:\/\/schoolgroups.studyinireland.ie\/?page_id=1514"},"modified":"2025-02-06T14:09:20","modified_gmt":"2025-02-06T14:09:20","slug":"social-programme","status":"publish","type":"page","link":"https:\/\/schoolgroups.studyinireland.ie\/es\/social-programme\/","title":{"rendered":"Programa social"},"content":{"rendered":"<div class=\"wpb-content-wrapper\"><div class=\"vc_row wpb_row vc_row-fluid\"><div class=\"wpb_column vc_column_container vc_col-sm-12\"><div class=\"vc_column-inner\"><div class=\"wpb_wrapper\"><h1 style=\"text-align: left\" class=\"vc_custom_heading vc_do_custom_heading\" >Programa social<\/h1>\n\t<div class=\"wpb_text_column wpb_content_element\" >\n\t\t<div class=\"wpb_wrapper\">\n\t\t\t<h2>Una amplia gama de actividades y eventos para vivir una experiencia vibrante y envolvente.<\/h2>\n<blockquote><p>\nA trav\u00e9s de nuestro Programa Social animamos a los alumnos a poner en pr\u00e1ctica los temas que se han tratado en clase. Esto tambi\u00e9n da vida a los aspectos de lectura, habla, escritura y comprensi\u00f3n oral del programa. Los estudiantes de nuestras Mini-Stays tienen amplias oportunidades de hacer amigos y descubrir Dubl\u00edn participando en una serie de actividades sociales y culturales todos los d\u00edas, as\u00ed como en excursiones opcionales de fin de semana a lugares hermosos.\n<\/p><\/blockquote>\n<h3><b>Descubre Dubl\u00edn<\/b><\/h3>\n<p>Incluimos un programa social b\u00e1sico gratuito con una actividad de 2 horas cada tarde entre semana, y un recorrido a pie los fines de semana. Los grupos est\u00e1n acompa\u00f1ados por amables y entusiastas monitores de actividades de ISI Dubl\u00edn durante todas las visitas por la tarde.<\/p>\n<p>Las visitas son gratuitas:<\/p>\n<ul>\n<li>Visita a pie por Dubl\u00edn<\/li>\n<li>Museo Nacional<\/li>\n<li>Galer\u00eda Nacional<\/li>\n<li>Jard\u00edn Bot\u00e1nico<\/li>\n<li>B\u00fasqueda del tesoro<\/li>\n<li>Pueblo de Howth<\/li>\n<\/ul>\n<p>Estas actividades est\u00e1n dise\u00f1adas no s\u00f3lo para mejorar su experiencia en Dubl\u00edn, sino tambi\u00e9n para fomentar las conexiones con otros estudiantes internacionales. Si tienes intereses o preferencias espec\u00edficas, es una buena idea consultar directamente con nosotros para ver c\u00f3mo podemos adaptar tu programa social a tus necesidades.<\/p>\n\n\t\t<\/div>\n\t<\/div>\n<\/div><\/div><\/div><\/div>\n<\/div>","protected":false},"excerpt":{"rendered":"Programa Social Una diversa gama de actividades y eventos para una experiencia inmersiva y vibrante. A trav\u00e9s de nuestro Programa Social animamos a los estudiantes a poner en pr\u00e1ctica los temas de las lecciones que...","protected":false},"author":1,"featured_media":1524,"parent":0,"menu_order":0,"comment_status":"closed","ping_status":"closed","template":"","meta":{"_seopress_robots_primary_cat":"","_seopress_titles_title":"","_seopress_titles_desc":"","_seopress_robots_index":"","footnotes":""},"class_list":["post-1514","page","type-page","status-publish","has-post-thumbnail","hentry"],"_links":{"self":[{"href":"https:\/\/schoolgroups.studyinireland.ie\/es\/wp-json\/wp\/v2\/pages\/1514","targetHints":{"allow":["GET"]}}],"collection":[{"href":"https:\/\/schoolgroups.studyinireland.ie\/es\/wp-json\/wp\/v2\/pages"}],"about":[{"href":"https:\/\/schoolgroups.studyinireland.ie\/es\/wp-json\/wp\/v2\/types\/page"}],"author":[{"embeddable":true,"href":"https:\/\/schoolgroups.studyinireland.ie\/es\/wp-json\/wp\/v2\/users\/1"}],"replies":[{"embeddable":true,"href":"https:\/\/schoolgroups.studyinireland.ie\/es\/wp-json\/wp\/v2\/comments?post=1514"}],"version-history":[{"count":2,"href":"https:\/\/schoolgroups.studyinireland.ie\/es\/wp-json\/wp\/v2\/pages\/1514\/revisions"}],"predecessor-version":[{"id":1520,"href":"https:\/\/schoolgroups.studyinireland.ie\/es\/wp-json\/wp\/v2\/pages\/1514\/revisions\/1520"}],"wp:featuredmedia":[{"embeddable":true,"href":"https:\/\/schoolgroups.studyinireland.ie\/es\/wp-json\/wp\/v2\/media\/1524"}],"wp:attachment":[{"href":"https:\/\/schoolgroups.studyinireland.ie\/es\/wp-json\/wp\/v2\/media?parent=1514"}],"curies":[{"name":"wp","href":"https:\/\/api.w.org\/{rel}","templated":true}]}}