{"id":1613,"date":"2025-02-06T16:42:11","date_gmt":"2025-02-06T16:42:11","guid":{"rendered":"https:\/\/schoolgroups.studyinireland.ie\/?page_id=1613"},"modified":"2025-02-06T16:48:40","modified_gmt":"2025-02-06T16:48:40","slug":"sample-programme","status":"publish","type":"page","link":"https:\/\/schoolgroups.studyinireland.ie\/da\/sample-programme\/","title":{"rendered":"Eksempel p\u00e5 program"},"content":{"rendered":"<div class=\"wpb-content-wrapper\"><div class=\"vc_row wpb_row vc_row-fluid\"><div class=\"wpb_column vc_column_container vc_col-sm-6\"><div class=\"vc_column-inner\"><div class=\"wpb_wrapper\"><h1 style=\"text-align: left\" class=\"vc_custom_heading vc_do_custom_heading\" >Eksempel p\u00e5 program<\/h1><\/div><\/div><\/div><div class=\"wpb_column vc_column_container vc_col-sm-6\"><div class=\"vc_column-inner\"><div class=\"wpb_wrapper\"><div class=\"vc_btn3-container vc_btn3-right vc_do_btn\" ><a class=\"vc_general vc_btn3 vc_btn3-size-md vc_btn3-shape-rounded vc_btn3-style-modern vc_btn3-color-turquoise\" href=\"https:\/\/isiireland.sharepoint.com\/:b:\/s\/sp\/EWaz2aNPTcpEuhoiVCUPDsEBJDnoz20hjawwjfKTI5CTAQ?e=BXFcP8\" title=\"\">Download en PDF-version<\/a><\/div><\/div><\/div><\/div><\/div><div class=\"vc_row wpb_row vc_row-fluid\"><div class=\"wpb_column vc_column_container vc_col-sm-12\"><div class=\"vc_column-inner\"><div class=\"wpb_wrapper\">\n\t<div class=\"wpb_text_column wpb_content_element\" >\n\t\t<div class=\"wpb_wrapper\">\n\t\t\t<h3 style=\"text-align: justify;\">Undervisning om morgenen<\/h3>\n<table border=\"0\" width=\"100%\" cellspacing=\"0\" cellpadding=\"0\">\n<tbody>\n<tr>\n<th style=\"color: #ffffff; text-align: center;\" scope=\"col\" align=\"center\" valign=\"middle\" bgcolor=\"#1B90A0\" width=\"33%\">Dag<\/th>\n<th style=\"color: #ffffff; text-align: center;\" scope=\"col\" align=\"center\" valign=\"middle\" bgcolor=\"#1B90A0\" width=\"33%\">09.00 &#8211; 12.15<\/th>\n<th style=\"color: #ffffff; text-align: center;\" scope=\"col\" align=\"center\" valign=\"middle\" bgcolor=\"#1B90A0\" width=\"33%\">14.00 &#8211; 16.00<\/th>\n<\/tr>\n<tr>\n<th style=\"color: #ffffff; text-align: center;\" scope=\"row\" align=\"center\" valign=\"middle\" bgcolor=\"#1B90A0\" width=\"33%\">Mandag<\/th>\n<td align=\"center\" valign=\"middle\" width=\"33%\">Klasser<\/td>\n<td align=\"center\" valign=\"middle\" width=\"33%\">Vandretur i Dublin<\/td>\n<\/tr>\n<tr>\n<th style=\"color: #ffffff; text-align: center;\" scope=\"row\" align=\"center\" valign=\"middle\" bgcolor=\"#1B90A0\" width=\"33%\">Tirsdag<\/th>\n<td align=\"center\" valign=\"middle\" width=\"33%\">Klasser<\/td>\n<td align=\"center\" valign=\"middle\" width=\"33%\">Nationalmuseet<\/td>\n<\/tr>\n<tr>\n<th style=\"color: #ffffff; text-align: center;\" scope=\"row\" align=\"center\" valign=\"middle\" bgcolor=\"#1B90A0\" width=\"33%\">Onsdag<\/th>\n<td align=\"center\" valign=\"middle\" width=\"33%\">Klasser<\/td>\n<td align=\"center\" valign=\"middle\" width=\"33%\">Botanisk Have<\/td>\n<\/tr>\n<tr>\n<th style=\"color: #ffffff; text-align: center;\" scope=\"row\" align=\"center\" valign=\"middle\" bgcolor=\"#1B90A0\" width=\"33%\">Torsdag<\/th>\n<td align=\"center\" valign=\"middle\" width=\"33%\">Klasser<\/td>\n<td align=\"center\" valign=\"middle\" width=\"33%\">Nationalgalleriet<\/td>\n<\/tr>\n<tr>\n<th style=\"color: #ffffff; text-align: center;\" scope=\"row\" align=\"center\" valign=\"middle\" bgcolor=\"#1B90A0\" width=\"33%\">Fredag<\/th>\n<td align=\"center\" valign=\"middle\" width=\"33%\">Klasser<\/td>\n<td align=\"center\" valign=\"middle\" width=\"33%\">Skattejagt<\/td>\n<\/tr>\n<tr>\n<th style=\"color: #ffffff; text-align: center;\" scope=\"row\" align=\"center\" valign=\"middle\" bgcolor=\"#1B90A0\" width=\"33%\">L\u00f8rdag<\/th>\n<td colspan=\"2\" align=\"center\" valign=\"middle\">Dart til Howth med en g\u00e5tur ved havet<\/td>\n<\/tr>\n<tr>\n<th style=\"color: #ffffff; text-align: center;\" scope=\"row\" align=\"center\" valign=\"middle\" bgcolor=\"#1B90A0\" width=\"33%\">S\u00f8ndag<\/th>\n<td colspan=\"2\" align=\"center\" valign=\"middle\">Transfer til lufthavnen<\/td>\n<\/tr>\n<\/tbody>\n<\/table>\n<h3 style=\"text-align: justify;\">Eftermiddagskurser<\/h3>\n<table border=\"0\" width=\"100%\" cellspacing=\"0\" cellpadding=\"0\">\n<tbody>\n<tr>\n<th style=\"color: #ffffff; text-align: center;\" scope=\"col\" align=\"center\" valign=\"middle\" bgcolor=\"#1B90A0\" width=\"33%\">Dag<\/th>\n<th style=\"color: #ffffff; text-align: center;\" scope=\"col\" align=\"center\" valign=\"middle\" bgcolor=\"#1B90A0\" width=\"33%\">10.00 &#8211; 12.00<\/th>\n<th style=\"color: #ffffff; text-align: center;\" scope=\"col\" align=\"center\" valign=\"middle\" bgcolor=\"#1B90A0\" width=\"33%\">13.30 &#8211; 16.40<\/th>\n<\/tr>\n<tr>\n<th style=\"color: #ffffff; text-align: center;\" scope=\"row\" align=\"center\" valign=\"middle\" bgcolor=\"#1B90A0\" width=\"33%\">Mandag<\/th>\n<td align=\"center\" valign=\"middle\" width=\"33%\">Vandretur i Dublin<\/td>\n<td align=\"center\" valign=\"middle\" width=\"33%\">Klasser<\/td>\n<\/tr>\n<tr>\n<th style=\"color: #ffffff; text-align: center;\" scope=\"row\" align=\"center\" valign=\"middle\" bgcolor=\"#1B90A0\" width=\"33%\">Tirsdag<\/th>\n<td align=\"center\" valign=\"middle\" width=\"33%\">Nationalmuseet<\/td>\n<td align=\"center\" valign=\"middle\" width=\"33%\">Klasser<\/td>\n<\/tr>\n<tr>\n<th style=\"color: #ffffff; text-align: center;\" scope=\"row\" align=\"center\" valign=\"middle\" bgcolor=\"#1B90A0\" width=\"33%\">Onsdag<\/th>\n<td align=\"center\" valign=\"middle\" width=\"33%\">Botanisk Have<\/td>\n<td align=\"center\" valign=\"middle\" width=\"33%\">Klasser<\/td>\n<\/tr>\n<tr>\n<th style=\"color: #ffffff; text-align: center;\" scope=\"row\" align=\"center\" valign=\"middle\" bgcolor=\"#1B90A0\" width=\"33%\">Torsdag<\/th>\n<td align=\"center\" valign=\"middle\" width=\"33%\">Nationalgalleriet<\/td>\n<td align=\"center\" valign=\"middle\" width=\"33%\">Klasser<\/td>\n<\/tr>\n<tr>\n<th style=\"color: #ffffff; text-align: center;\" scope=\"row\" align=\"center\" valign=\"middle\" bgcolor=\"#1B90A0\" width=\"33%\">Fredag<\/th>\n<td align=\"center\" valign=\"middle\" width=\"33%\">Skattejagt<\/td>\n<td align=\"center\" valign=\"middle\" width=\"33%\">Klasser<\/td>\n<\/tr>\n<tr>\n<th style=\"color: #ffffff; text-align: center;\" scope=\"row\" align=\"center\" valign=\"middle\" bgcolor=\"#1B90A0\" width=\"33%\">L\u00f8rdag<\/th>\n<td colspan=\"2\" align=\"center\" valign=\"middle\">Dart til Howth med en g\u00e5tur ved havet<\/td>\n<\/tr>\n<tr>\n<th style=\"color: #ffffff; text-align: center;\" scope=\"row\" align=\"center\" valign=\"middle\" bgcolor=\"#1B90A0\" width=\"33%\">S\u00f8ndag<\/th>\n<td colspan=\"2\" align=\"center\" valign=\"middle\">Transfer til lufthavnen<\/td>\n<\/tr>\n<\/tbody>\n<\/table>\n<h3 style=\"text-align: justify;\">Programmer med s\u00e6rlige emner<\/h3>\n<table border=\"0\" width=\"100%\" cellspacing=\"0\" cellpadding=\"0\">\n<tbody>\n<tr>\n<th style=\"color: #ffffff; text-align: center;\" scope=\"col\" align=\"center\" valign=\"middle\" bgcolor=\"#1B90A0\" width=\"33%\">Ingen ekstra omkostninger<\/th>\n<\/tr>\n<tr>\n<td align=\"center\" valign=\"middle\" width=\"33%\">Historie og litteratur Yeats - Wilde - Joyce<\/td>\n<\/tr>\n<tr>\n<td align=\"center\" valign=\"middle\" width=\"33%\">Engelsk til arbejdspladsen - PCTO-program<\/td>\n<\/tr>\n<tr>\n<td align=\"center\" valign=\"middle\" width=\"33%\">Eventyr og sport<\/td>\n<\/tr>\n<tr>\n<td align=\"center\" valign=\"middle\" width=\"33%\">Succes med Maturit\u00e1<\/td>\n<\/tr>\n<tr>\n<td align=\"center\" valign=\"middle\" width=\"33%\">Moderne teknologi og sociale medier<\/td>\n<\/tr>\n<tr>\n<td align=\"center\" valign=\"middle\">B\u00e6redygtighed og klimaforandringer<\/td>\n<\/tr>\n<\/tbody>\n<\/table>\n<p style=\"text-align: justify;\">Eksempler p\u00e5 programaktiviteter kan variere afh\u00e6ngigt af tilg\u00e6ngelighed. Eleverne kan v\u00e6lge at dyrke mere sport eller flere kulturelle aktiviteter, afh\u00e6ngigt af deres interesser.<\/p>\n\n\t\t<\/div>\n\t<\/div>\n<\/div><\/div><\/div><\/div>\n<\/div>","protected":false},"excerpt":{"rendered":"Eksempel p\u00e5 programL\u00e6s en PDF-version Morgentimer Dag 09.00 - 12.15 14.00 - 16.00 Mandagstimer Vandretur i Dublin Tirsdagstimer Nationalmuseet Onsdagstimer Botanisk Have Torsdagstimer ...","protected":false},"author":1,"featured_media":0,"parent":0,"menu_order":0,"comment_status":"closed","ping_status":"closed","template":"","meta":{"_seopress_robots_primary_cat":"","_seopress_titles_title":"","_seopress_titles_desc":"","_seopress_robots_index":"","footnotes":""},"class_list":["post-1613","page","type-page","status-publish","hentry"],"_links":{"self":[{"href":"https:\/\/schoolgroups.studyinireland.ie\/da\/wp-json\/wp\/v2\/pages\/1613","targetHints":{"allow":["GET"]}}],"collection":[{"href":"https:\/\/schoolgroups.studyinireland.ie\/da\/wp-json\/wp\/v2\/pages"}],"about":[{"href":"https:\/\/schoolgroups.studyinireland.ie\/da\/wp-json\/wp\/v2\/types\/page"}],"author":[{"embeddable":true,"href":"https:\/\/schoolgroups.studyinireland.ie\/da\/wp-json\/wp\/v2\/users\/1"}],"replies":[{"embeddable":true,"href":"https:\/\/schoolgroups.studyinireland.ie\/da\/wp-json\/wp\/v2\/comments?post=1613"}],"version-history":[{"count":4,"href":"https:\/\/schoolgroups.studyinireland.ie\/da\/wp-json\/wp\/v2\/pages\/1613\/revisions"}],"predecessor-version":[{"id":1626,"href":"https:\/\/schoolgroups.studyinireland.ie\/da\/wp-json\/wp\/v2\/pages\/1613\/revisions\/1626"}],"wp:attachment":[{"href":"https:\/\/schoolgroups.studyinireland.ie\/da\/wp-json\/wp\/v2\/media?parent=1613"}],"curies":[{"name":"wp","href":"https:\/\/api.w.org\/{rel}","templated":true}]}}