{"id":1608,"date":"2025-02-06T16:41:20","date_gmt":"2025-02-06T16:41:20","guid":{"rendered":"https:\/\/schoolgroups.studyinireland.ie\/?page_id=1608"},"modified":"2025-02-06T16:46:27","modified_gmt":"2025-02-06T16:46:27","slug":"course-outline","status":"publish","type":"page","link":"https:\/\/schoolgroups.studyinireland.ie\/da\/course-outline\/","title":{"rendered":"Oversigt over kurser"},"content":{"rendered":"<div class=\"wpb-content-wrapper\"><div class=\"vc_row wpb_row vc_row-fluid\"><div class=\"wpb_column vc_column_container vc_col-sm-6\"><div class=\"vc_column-inner\"><div class=\"wpb_wrapper\"><h1 style=\"text-align: left\" class=\"vc_custom_heading vc_do_custom_heading\" >Oversigt over kurser<\/h1><\/div><\/div><\/div><div class=\"wpb_column vc_column_container vc_col-sm-6\"><div class=\"vc_column-inner\"><div class=\"wpb_wrapper\"><div class=\"vc_btn3-container vc_btn3-right vc_do_btn\" ><a class=\"vc_general vc_btn3 vc_btn3-size-md vc_btn3-shape-square vc_btn3-style-modern vc_btn3-color-turquoise\" href=\"https:\/\/isiireland.sharepoint.com\/:b:\/s\/sp\/Eb1dP9wgzlFKsGo9JQV1YqQBbDRo4XU69Gy4R73KONycug?e=mb2NK8\" title=\"\">Download en PDF-version<\/a><\/div><\/div><\/div><\/div><\/div><div class=\"vc_row wpb_row vc_row-fluid\"><div class=\"wpb_column vc_column_container vc_col-sm-12\"><div class=\"vc_column-inner\"><div class=\"wpb_wrapper\">\n\t<div class=\"wpb_text_column wpb_content_element\" >\n\t\t<div class=\"wpb_wrapper\">\n\t\t\t<h2 style=\"text-align: justify;\">Kursusbeskrivelse: Vores mini-opholdsprogrammer er projektbaserede.<\/h2>\n<p style=\"text-align: justify;\">Det betyder, at de studerende er engageret i ugentlige projekter, der involverer research om et emne, indsamling af information, skabelse af en udstilling og en afsluttende fredagspr\u00e6sentation.<\/p>\n<p style=\"text-align: justify;\">Eleverne laver online research, g\u00e5r p\u00e5 biblioteker, museer eller udforsker byen for at unders\u00f8ge deres emne, laver en unders\u00f8gelse og stiller sp\u00f8rgsm\u00e5l til folk p\u00e5 Dublins gader og samler de oplysninger, der skal f\u00f8re til den endelige pr\u00e6sentation i slutningen af ugen.<\/p>\n<p style=\"text-align: justify;\">Eleverne st\u00f8ttes af deres l\u00e6rere i deres arbejde, og det er her, opgraderingen af sproget finder sted. Eleverne l\u00e6rer nyt ordforr\u00e5d og grammatik, der underst\u00f8tter deres forskning. Pr\u00e6sentationerne er en fantastisk mulighed for eleverne til at opdage, hvor dygtige de er til at producere det engelske sprog, og det giver dem en fornyet f\u00f8lelse af selvtillid. Det er en meget givende oplevelse, n\u00e5r de studerende bruger sproget p\u00e5 en sjov og meningsfuld m\u00e5de.<\/p>\n<ul style=\"text-align: justify;\">\n<li style=\"text-align: justify;\">Niveauer: A1 til C1<\/li>\n<li style=\"text-align: justify;\">Tidspunkt for undervisning: 9.15 til 12.30 eller 13.45 til 17.00<\/li>\n<li style=\"text-align: justify;\">Timer pr. uge: 15<\/li>\n<li style=\"text-align: justify;\">Varighed: 1 til 4 uger<\/li>\n<\/ul>\n<h3 style=\"text-align: justify;\">Vigtige punkter<\/h3>\n<ul>\n<li style=\"text-align: justify;\">Beliggenhed: Meetinghouse Lane eller Parnell Square West-bygninger i byens centrum<\/li>\n<li style=\"text-align: justify;\">20 projektbaserede lektioner i engelsk<\/li>\n<li style=\"text-align: justify;\">Fokus p\u00e5 at oms\u00e6tte engelsk til handling og opbygge selvtillid i at tale<br \/>\nBo hos en irsk v\u00e6rtsfamilie<\/li>\n<li style=\"text-align: justify;\">15 timer om ugen til sociale, kulturelle og sportslige arrangementer hver uge (f.eks. museer, udflugter, dans, fodbold, basketball osv.)<\/li>\n<\/ul>\n\n\t\t<\/div>\n\t<\/div>\n<\/div><\/div><\/div><\/div>\n<\/div>","protected":false},"excerpt":{"rendered":"Course OutlineDownload a PDF version Course description: Our mini-stay programmes are project-based. This means that students are engaged in weekly projects that involve\u00a0 research about a topic, compilation of information, ...","protected":false},"author":1,"featured_media":0,"parent":0,"menu_order":0,"comment_status":"closed","ping_status":"closed","template":"","meta":{"_seopress_robots_primary_cat":"","_seopress_titles_title":"","_seopress_titles_desc":"","_seopress_robots_index":"","footnotes":""},"class_list":["post-1608","page","type-page","status-publish","hentry"],"_links":{"self":[{"href":"https:\/\/schoolgroups.studyinireland.ie\/da\/wp-json\/wp\/v2\/pages\/1608","targetHints":{"allow":["GET"]}}],"collection":[{"href":"https:\/\/schoolgroups.studyinireland.ie\/da\/wp-json\/wp\/v2\/pages"}],"about":[{"href":"https:\/\/schoolgroups.studyinireland.ie\/da\/wp-json\/wp\/v2\/types\/page"}],"author":[{"embeddable":true,"href":"https:\/\/schoolgroups.studyinireland.ie\/da\/wp-json\/wp\/v2\/users\/1"}],"replies":[{"embeddable":true,"href":"https:\/\/schoolgroups.studyinireland.ie\/da\/wp-json\/wp\/v2\/comments?post=1608"}],"version-history":[{"count":8,"href":"https:\/\/schoolgroups.studyinireland.ie\/da\/wp-json\/wp\/v2\/pages\/1608\/revisions"}],"predecessor-version":[{"id":1623,"href":"https:\/\/schoolgroups.studyinireland.ie\/da\/wp-json\/wp\/v2\/pages\/1608\/revisions\/1623"}],"wp:attachment":[{"href":"https:\/\/schoolgroups.studyinireland.ie\/da\/wp-json\/wp\/v2\/media?parent=1608"}],"curies":[{"name":"wp","href":"https:\/\/api.w.org\/{rel}","templated":true}]}}