{"id":1510,"date":"2025-02-06T14:03:07","date_gmt":"2025-02-06T14:03:07","guid":{"rendered":"https:\/\/schoolgroups.studyinireland.ie\/?page_id=1510"},"modified":"2025-02-06T14:11:19","modified_gmt":"2025-02-06T14:11:19","slug":"exceptional-education","status":"publish","type":"page","link":"https:\/\/schoolgroups.studyinireland.ie\/da\/exceptional-education\/","title":{"rendered":"Ekstraordin\u00e6r uddannelse"},"content":{"rendered":"<div class=\"wpb-content-wrapper\"><div class=\"vc_row wpb_row vc_row-fluid\"><div class=\"wpb_column vc_column_container vc_col-sm-12\"><div class=\"vc_column-inner\"><div class=\"wpb_wrapper\"><h1 style=\"text-align: left\" class=\"vc_custom_heading vc_do_custom_heading\" >Ekstraordin\u00e6r uddannelse<\/h1>\n\t<div class=\"wpb_text_column wpb_content_element\" >\n\t\t<div class=\"wpb_wrapper\">\n\t\t\t<h2>Vores dynamiske og erfarne l\u00e6rere garanterer en engagerende og givende l\u00e6ringsoplevelse.<\/h2>\n<p>Vores team af h\u00f8jt kvalificerede og erfarne l\u00e6rere er n\u00f8je udvalgt p\u00e5 grund af deres dynamiske og energiske undervisningsmetoder. Med deres ekspertise og entusiasme skaber de et engagerende og interaktivt l\u00e6ringsmilj\u00f8, der sikrer en givende oplevelse for alle elever. Deres engagement i ekspertise og passion for uddannelse f\u00e5r dem til l\u00f8bende at inspirere og motivere eleverne, hvilket fremmer b\u00e5de akademisk succes og en k\u00e6rlighed til at l\u00e6re.<\/p>\n<h3><b>Lektionens temaer<\/b><\/h3>\n<p>Standardprogrammet omfatter 15 timers undervisning om ugen, typisk med fokus p\u00e5 generel engelsk. Der kan dog anmodes om s\u00e6rlige emner, og der er mulighed for yderligere undervisningstimer.<\/p>\n<p>Vores team af h\u00f8jt kvalificerede og erfarne l\u00e6rere er n\u00f8je udvalgt p\u00e5 grund af deres dynamiske og energiske undervisningsmetoder, der sikrer en engagerende og berigende oplevelse for de studerende. De d\u00e6kkede emner omfatter:<\/p>\n<ul>\n<li>Irsk kultur<\/li>\n<li>Engelsk til arbejde<\/li>\n<li>Business-engelsk<\/li>\n<li>Forberedelse til eksamen (f.eks. PET, FCE)<\/li>\n<li>Litteratur<\/li>\n<li>Eventyr og rejser<\/li>\n<li>Musik, film og kunst<\/li>\n<li>Sundhed, medicin og videnskab<\/li>\n<li>Moderne teknologi<\/li>\n<li>Popkultur og sociale medier<\/li>\n<li>Historie og folklore<\/li>\n<li>Penge og reklame<\/li>\n<li>Shopping<\/li>\n<\/ul>\n\n\t\t<\/div>\n\t<\/div>\n<\/div><\/div><\/div><\/div>\n<\/div>","protected":false},"excerpt":{"rendered":"Exceptional Education Our Dynamic and Experienced Teachers Guarantee an Engaging and Rewarding Learning Experience. Our team of highly qualified and experienced teachers has been meticulously chosen for their dynamic and ...","protected":false},"author":1,"featured_media":1415,"parent":0,"menu_order":0,"comment_status":"closed","ping_status":"closed","template":"","meta":{"_seopress_robots_primary_cat":"","_seopress_titles_title":"","_seopress_titles_desc":"","_seopress_robots_index":"","footnotes":""},"class_list":["post-1510","page","type-page","status-publish","has-post-thumbnail","hentry"],"_links":{"self":[{"href":"https:\/\/schoolgroups.studyinireland.ie\/da\/wp-json\/wp\/v2\/pages\/1510","targetHints":{"allow":["GET"]}}],"collection":[{"href":"https:\/\/schoolgroups.studyinireland.ie\/da\/wp-json\/wp\/v2\/pages"}],"about":[{"href":"https:\/\/schoolgroups.studyinireland.ie\/da\/wp-json\/wp\/v2\/types\/page"}],"author":[{"embeddable":true,"href":"https:\/\/schoolgroups.studyinireland.ie\/da\/wp-json\/wp\/v2\/users\/1"}],"replies":[{"embeddable":true,"href":"https:\/\/schoolgroups.studyinireland.ie\/da\/wp-json\/wp\/v2\/comments?post=1510"}],"version-history":[{"count":5,"href":"https:\/\/schoolgroups.studyinireland.ie\/da\/wp-json\/wp\/v2\/pages\/1510\/revisions"}],"predecessor-version":[{"id":1527,"href":"https:\/\/schoolgroups.studyinireland.ie\/da\/wp-json\/wp\/v2\/pages\/1510\/revisions\/1527"}],"wp:featuredmedia":[{"embeddable":true,"href":"https:\/\/schoolgroups.studyinireland.ie\/da\/wp-json\/wp\/v2\/media\/1415"}],"wp:attachment":[{"href":"https:\/\/schoolgroups.studyinireland.ie\/da\/wp-json\/wp\/v2\/media?parent=1510"}],"curies":[{"name":"wp","href":"https:\/\/api.w.org\/{rel}","templated":true}]}}